{"id":42,"date":"2025-08-29T16:45:13","date_gmt":"2025-08-29T14:45:13","guid":{"rendered":"https:\/\/www.eclipses-espagne.com\/?page_id=42"},"modified":"2025-08-29T17:45:59","modified_gmt":"2025-08-29T15:45:59","slug":"order","status":"publish","type":"page","link":"https:\/\/www.eclipses-espagne.com\/index.php\/order\/","title":{"rendered":"Order"},"content":{"rendered":"<p>[et_pb_section fb_built=\u00a0\u00bb1&Prime; _builder_version=\u00a0\u00bb4.22.2&Prime; _module_preset=\u00a0\u00bbdefault\u00a0\u00bb custom_padding=\u00a0\u00bb||15px|||\u00a0\u00bb global_colors_info=\u00a0\u00bb{}\u00a0\u00bb][et_pb_row column_structure=\u00a0\u00bb2_5,3_5&Prime; _builder_version=\u00a0\u00bb4.22.2&Prime; _module_preset=\u00a0\u00bbdefault\u00a0\u00bb global_colors_info=\u00a0\u00bb{}\u00a0\u00bb][et_pb_column type=\u00a0\u00bb2_5&Prime; _builder_version=\u00a0\u00bb4.22.2&Prime; _module_preset=\u00a0\u00bbdefault\u00a0\u00bb global_colors_info=\u00a0\u00bb{}\u00a0\u00bb][et_pb_image src=\u00a0\u00bbhttps:\/\/www.eclipses-espagne.com\/wp-content\/uploads\/2025\/08\/Eclipse-scaled.jpg\u00a0\u00bb title_text=\u00a0\u00bbEclipse\u00a0\u00bb _builder_version=\u00a0\u00bb4.22.2&Prime; _module_preset=\u00a0\u00bbdefault\u00a0\u00bb global_colors_info=\u00a0\u00bb{}\u00a0\u00bb][\/et_pb_image][\/et_pb_column][et_pb_column type=\u00a0\u00bb3_5&Prime; _builder_version=\u00a0\u00bb4.22.2&Prime; _module_preset=\u00a0\u00bbdefault\u00a0\u00bb global_colors_info=\u00a0\u00bb{}\u00a0\u00bb][et_pb_text _builder_version=\u00a0\u00bb4.22.2&Prime; _module_preset=\u00a0\u00bbdefault\u00a0\u00bb global_colors_info=\u00a0\u00bb{}\u00a0\u00bb]<\/p>\n<p>Titre : <strong>Solar eclipses<\/strong><br \/>Editeur : <strong>Occulum<\/strong><br \/>ISBN: <strong>978-3-949370-20-5<\/strong><br \/>Date de publication : <strong>juin 2025<\/strong><br \/>Language : <strong>Fran\u00e7ais\/Espagnol\/Allemand\/Anglais<br \/><\/strong>Nb de pages : <strong>40 pages<br \/><\/strong>Dimensions: <strong>21 x 30 cm<\/strong><strong> reliure spirale<br \/><\/strong>Prix : <strong>29,90 EUR<\/strong> <strong><\/strong><\/p>\n<p>[\/et_pb_text][et_pb_text _builder_version=\u00a0\u00bb4.22.2&Prime; _module_preset=\u00a0\u00bbdefault\u00a0\u00bb global_colors_info=\u00a0\u00bb{}\u00a0\u00bb]<\/p>\n<p>Frais de port : <strong>10 euros<\/strong> (*)<br \/>(*) Pour toute destination en Europe.<br \/>Nous n&rsquo;exp\u00e9dions pas ce livre hors Europe.<\/p>\n<p>[\/et_pb_text][et_pb_code _builder_version=\u00a0\u00bb4.22.2&Prime; _module_preset=\u00a0\u00bbdefault\u00a0\u00bb global_colors_info=\u00a0\u00bb{}\u00a0\u00bb]<\/p>\n<div id=\"smart-button-container\"><!-- [et_pb_line_break_holder] -->      <\/p>\n<div style=\"text-align: center;\"><!-- [et_pb_line_break_holder] -->        <\/p>\n<div id=\"paypal-button-container\"><\/div>\n<p><!-- [et_pb_line_break_holder] -->      <\/div>\n<p><!-- [et_pb_line_break_holder] -->    <\/div>\n<p><!-- [et_pb_line_break_holder] -->  <script src=\"https:\/\/www.paypal.com\/sdk\/js?client-id=AdHiz4VFzboufbDqSC_CegxzICv73HHOpB1qBXwKD2cWer-dgfQWIfpwKkP779TBZgYCSUKqjqqUpM2t&#038;enable-funding=venmo&#038;currency=EUR\" data-sdk-integration-source=\"button-factory\"><\/script><!-- [et_pb_line_break_holder] -->  <script><!-- [et_pb_line_break_holder] -->    function initPayPalButton() {<!-- [et_pb_line_break_holder] -->      paypal.Buttons({<!-- [et_pb_line_break_holder] -->        style: {<!-- [et_pb_line_break_holder] -->          shape: 'rect',<!-- [et_pb_line_break_holder] -->          color: 'gold',<!-- [et_pb_line_break_holder] -->          layout: 'vertical',<!-- [et_pb_line_break_holder] -->          label: 'paypal',<!-- [et_pb_line_break_holder] -->          <!-- [et_pb_line_break_holder] -->        },<!-- [et_pb_line_break_holder] --><!-- [et_pb_line_break_holder] -->        createOrder: function(data, actions) {<!-- [et_pb_line_break_holder] -->          return actions.order.create({<!-- [et_pb_line_break_holder] -->            purchase_units: [{\"description\":\"Solar Eclipses\",\"amount\":{\"currency_code\":\"EUR\",\"value\":29.90}}]<!-- [et_pb_line_break_holder] -->          });<!-- [et_pb_line_break_holder] -->        },<!-- [et_pb_line_break_holder] --><!-- [et_pb_line_break_holder] -->        onApprove: function(data, actions) {<!-- [et_pb_line_break_holder] -->          return actions.order.capture().then(function(orderData) {<!-- [et_pb_line_break_holder] -->            <!-- [et_pb_line_break_holder] -->            \/\/ Full available details<!-- [et_pb_line_break_holder] -->            console.log('Capture result', orderData, JSON.stringify(orderData, null, 2));<!-- [et_pb_line_break_holder] --><!-- [et_pb_line_break_holder] -->            \/\/ Show a success message within this page, e.g.<!-- [et_pb_line_break_holder] -->            const element = document.getElementById('paypal-button-container');<!-- [et_pb_line_break_holder] -->            element.innerHTML = '';<!-- [et_pb_line_break_holder] -->            element.innerHTML = '<\/p>\n<h3>Thank you for your payment!<\/h3>\n<p>';<!-- [et_pb_line_break_holder] --><!-- [et_pb_line_break_holder] -->            \/\/ Or go to another URL:  actions.redirect('thank_you.html');<!-- [et_pb_line_break_holder] -->            <!-- [et_pb_line_break_holder] -->          });<!-- [et_pb_line_break_holder] -->        },<!-- [et_pb_line_break_holder] --><!-- [et_pb_line_break_holder] -->        onError: function(err) {<!-- [et_pb_line_break_holder] -->          console.log(err);<!-- [et_pb_line_break_holder] -->        }<!-- [et_pb_line_break_holder] -->      }).render('#paypal-button-container');<!-- [et_pb_line_break_holder] -->    }<!-- [et_pb_line_break_holder] -->    initPayPalButton();<!-- [et_pb_line_break_holder] -->  <\/script>[\/et_pb_code][\/et_pb_column][\/et_pb_row][et_pb_row _builder_version=\u00a0\u00bb4.22.2&Prime; _module_preset=\u00a0\u00bbdefault\u00a0\u00bb global_colors_info=\u00a0\u00bb{}\u00a0\u00bb][et_pb_column type=\u00a0\u00bb4_4&Prime; _builder_version=\u00a0\u00bb4.22.2&Prime; _module_preset=\u00a0\u00bbdefault\u00a0\u00bb global_colors_info=\u00a0\u00bb{}\u00a0\u00bb][et_pb_text _builder_version=\u00a0\u00bb4.22.2&Prime; _module_preset=\u00a0\u00bbdefault\u00a0\u00bb global_colors_info=\u00a0\u00bb{}\u00a0\u00bb]<\/p>\n<p>Your content goes here. Edit or remove this text inline or in the module Content settings. You can also style every aspect of this content in the module Design settings and even apply custom CSS to this text in the module Advanced settings.<\/p>\n<p>[\/et_pb_text][et_pb_accordion open_toggle_background_color=\u00a0\u00bbrgba(0,0,0,0)\u00a0\u00bb closed_toggle_background_color=\u00a0\u00bbrgba(0,0,0,0)\u00a0\u00bb _builder_version=\u00a0\u00bb4.22.2&Prime; _module_preset=\u00a0\u00bbdefault\u00a0\u00bb toggle_font=\u00a0\u00bb||||||||\u00a0\u00bb toggle_font_size=\u00a0\u00bb19px\u00a0\u00bb body_font=\u00a0\u00bb||on||||||\u00a0\u00bb global_module=\u00a0\u00bb1185&Prime; global_colors_info=\u00a0\u00bb{}\u00a0\u00bb][et_pb_accordion_item title=\u00a0\u00bbQue faire si j&rsquo;ai un probl\u00e8me pour passer ma commande ?\u00a0\u00bb _builder_version=\u00a0\u00bb4.22.2&Prime; _module_preset=\u00a0\u00bbdefault\u00a0\u00bb global_colors_info=\u00a0\u00bb{}\u00a0\u00bb open=\u00a0\u00bbon\u00a0\u00bb]<\/p>\n<p>N&rsquo;h\u00e9sitez pas \u00e0 nous contacter <a href=\"mailto:contact@axilone.com\" title=\"Solar Eclipses - Nous contacter\">par e-mail<\/a>, nous serons heureux de vous aider.<\/p>\n<p>[\/et_pb_accordion_item][et_pb_accordion_item title=\u00a0\u00bbPuis-je commander plusieurs exemplaires du livre en b\u00e9n\u00e9ficiant d&rsquo;une r\u00e9duction ?\u00a0\u00bb _builder_version=\u00a0\u00bb4.22.2&Prime; _module_preset=\u00a0\u00bbdefault\u00a0\u00bb global_colors_info=\u00a0\u00bb{}\u00a0\u00bb open=\u00a0\u00bboff\u00a0\u00bb]<\/p>\n<p>Oui, dans ce cas, veuillez <a href=\"mailto:contact@axilone.com\" title=\"Solar Eclipses - Nous contacter\">nous contacter<\/a> en indiquant les quantit\u00e9s souhait\u00e9es et le pays de destination. Nous vous ferons une offre adapt\u00e9e.<\/p>\n<p>[\/et_pb_accordion_item][et_pb_accordion_item title=\u00a0\u00bbQuand ma commande sera-t-elle exp\u00e9di\u00e9e ?\u00a0\u00bb _builder_version=\u00a0\u00bb4.22.2&Prime; _module_preset=\u00a0\u00bbdefault\u00a0\u00bb global_colors_info=\u00a0\u00bb{}\u00a0\u00bb open=\u00a0\u00bboff\u00a0\u00bb]<\/p>\n<p>Les commandes sont exp\u00e9di\u00e9es dans un d\u00e9lai maximum de 24 \u00e0 48 heures.<\/p>\n<p>[\/et_pb_accordion_item][et_pb_accordion_item title=\u00a0\u00bbQuand puis-je saisir l&rsquo;adresse de livraison ?\u00a0\u00bb _builder_version=\u00a0\u00bb4.22.2&Prime; _module_preset=\u00a0\u00bbdefault\u00a0\u00bb global_colors_info=\u00a0\u00bb{}\u00a0\u00bb open=\u00a0\u00bboff\u00a0\u00bb]<\/p>\n<p>Si vous avez un compte Paypal, c&rsquo;est l&rsquo;adresse postale indiqu\u00e9e sur votre compte Paypal qui sera utilis\u00e9e. Si votre adresse postale a chang\u00e9, passez votre commande normalement et contactez-nous simplement pour indiquer la bonne adresse de livraison.<\/p>\n<p>Si vous n&rsquo;avez pas de compte Paypal, utilisez l&rsquo;option carte de cr\u00e9dit. Un formulaire vous sera alors propos\u00e9, dans lequel vous pourrez indiquer l&rsquo;adresse de livraison.<\/p>\n<p>&nbsp;<\/p>\n<p>[\/et_pb_accordion_item][\/et_pb_accordion][et_pb_code _builder_version=\u00a0\u00bb4.22.2&Prime; _module_preset=\u00a0\u00bbdefault\u00a0\u00bb hover_enabled=\u00a0\u00bb0&Prime; locked=\u00a0\u00bboff\u00a0\u00bb global_colors_info=\u00a0\u00bb{}\u00a0\u00bb sticky_enabled=\u00a0\u00bb0&Prime;]<\/p>\n<div id=\"smart-button-container\"><!-- [et_pb_line_break_holder] -->      <\/p>\n<div style=\"text-align: center;\"><!-- [et_pb_line_break_holder] -->        <\/p>\n<div id=\"paypal-button-container\"><\/div>\n<p><!-- [et_pb_line_break_holder] -->      <\/div>\n<p><!-- [et_pb_line_break_holder] -->    <\/div>\n<p><!-- [et_pb_line_break_holder] -->  <script src=\"https:\/\/www.paypal.com\/sdk\/js?client-id=AdHiz4VFzboufbDqSC_CegxzICv73HHOpB1qBXwKD2cWer-dgfQWIfpwKkP779TBZgYCSUKqjqqUpM2t&#038;enable-funding=venmo&#038;currency=EUR\" data-sdk-integration-source=\"button-factory\"><\/script><!-- [et_pb_line_break_holder] -->  <script><!-- [et_pb_line_break_holder] -->    function initPayPalButton() {<!-- [et_pb_line_break_holder] -->      paypal.Buttons({<!-- [et_pb_line_break_holder] -->        style: {<!-- [et_pb_line_break_holder] -->          shape: 'rect',<!-- [et_pb_line_break_holder] -->          color: 'gold',<!-- [et_pb_line_break_holder] -->          layout: 'vertical',<!-- [et_pb_line_break_holder] -->          label: 'paypal',<!-- [et_pb_line_break_holder] -->          <!-- [et_pb_line_break_holder] -->        },<!-- [et_pb_line_break_holder] --><!-- [et_pb_line_break_holder] -->        createOrder: function(data, actions) {<!-- [et_pb_line_break_holder] -->          return actions.order.create({<!-- [et_pb_line_break_holder] -->            purchase_units: [{\"description\":\"Solar Eclipses - Port compris\",\"amount\":{\"currency_code\":\"EUR\",\"value\":39.90}}]<!-- [et_pb_line_break_holder] -->          });<!-- [et_pb_line_break_holder] -->        },<!-- [et_pb_line_break_holder] --><!-- [et_pb_line_break_holder] -->        onApprove: function(data, actions) {<!-- [et_pb_line_break_holder] -->          return actions.order.capture().then(function(orderData) {<!-- [et_pb_line_break_holder] -->            <!-- [et_pb_line_break_holder] -->            \/\/ Full available details<!-- [et_pb_line_break_holder] -->            console.log('Capture result', orderData, JSON.stringify(orderData, null, 2));<!-- [et_pb_line_break_holder] --><!-- [et_pb_line_break_holder] -->            \/\/ Show a success message within this page, e.g.<!-- [et_pb_line_break_holder] -->            const element = document.getElementById('paypal-button-container');<!-- [et_pb_line_break_holder] -->            element.innerHTML = '';<!-- [et_pb_line_break_holder] -->            element.innerHTML = '<\/p>\n<h3>Thank you for your payment!<\/h3>\n<p>';<!-- [et_pb_line_break_holder] --><!-- [et_pb_line_break_holder] -->            \/\/ Or go to another URL:  actions.redirect('thank_you.html');<!-- [et_pb_line_break_holder] -->            <!-- [et_pb_line_break_holder] -->          });<!-- [et_pb_line_break_holder] -->        },<!-- [et_pb_line_break_holder] --><!-- [et_pb_line_break_holder] -->        onError: function(err) {<!-- [et_pb_line_break_holder] -->          console.log(err);<!-- [et_pb_line_break_holder] -->        }<!-- [et_pb_line_break_holder] -->      }).render('#paypal-button-container');<!-- [et_pb_line_break_holder] -->    }<!-- [et_pb_line_break_holder] -->    initPayPalButton();<!-- [et_pb_line_break_holder] -->  <\/script>[\/et_pb_code][\/et_pb_column][\/et_pb_row][\/et_pb_section]<\/p>\n","protected":false},"excerpt":{"rendered":"<p>Titre : Solar eclipsesEditeur : OcculumISBN: 978-3-949370-20-5Date de publication : juin 2025Language : Fran\u00e7ais\/Espagnol\/Allemand\/AnglaisNb de pages : 40 pagesDimensions: 21 x 30 cm reliure spiralePrix : 29,90 EUR Frais de port : 10 euros (*)(*) Pour toute destination en Europe.Nous n&rsquo;exp\u00e9dions pas ce livre hors Europe.Your content goes here. Edit or remove this text inline [&hellip;]<\/p>\n","protected":false},"author":1,"featured_media":0,"parent":0,"menu_order":0,"comment_status":"closed","ping_status":"closed","template":"","meta":{"_et_pb_use_builder":"on","_et_pb_old_content":"","_et_gb_content_width":"","footnotes":""},"class_list":["post-42","page","type-page","status-publish","hentry"],"_links":{"self":[{"href":"https:\/\/www.eclipses-espagne.com\/index.php\/wp-json\/wp\/v2\/pages\/42","targetHints":{"allow":["GET"]}}],"collection":[{"href":"https:\/\/www.eclipses-espagne.com\/index.php\/wp-json\/wp\/v2\/pages"}],"about":[{"href":"https:\/\/www.eclipses-espagne.com\/index.php\/wp-json\/wp\/v2\/types\/page"}],"author":[{"embeddable":true,"href":"https:\/\/www.eclipses-espagne.com\/index.php\/wp-json\/wp\/v2\/users\/1"}],"replies":[{"embeddable":true,"href":"https:\/\/www.eclipses-espagne.com\/index.php\/wp-json\/wp\/v2\/comments?post=42"}],"version-history":[{"count":9,"href":"https:\/\/www.eclipses-espagne.com\/index.php\/wp-json\/wp\/v2\/pages\/42\/revisions"}],"predecessor-version":[{"id":1190,"href":"https:\/\/www.eclipses-espagne.com\/index.php\/wp-json\/wp\/v2\/pages\/42\/revisions\/1190"}],"wp:attachment":[{"href":"https:\/\/www.eclipses-espagne.com\/index.php\/wp-json\/wp\/v2\/media?parent=42"}],"curies":[{"name":"wp","href":"https:\/\/api.w.org\/{rel}","templated":true}]}}